{"id":26,"date":"2019-02-24T02:06:26","date_gmt":"2019-02-24T01:06:26","guid":{"rendered":"http:\/\/harasdelaroche.fr\/?page_id=26"},"modified":"2020-09-08T17:20:46","modified_gmt":"2020-09-08T15:20:46","slug":"accueil","status":"publish","type":"page","link":"https:\/\/harasdelaroche.fr\/","title":{"rendered":"Accueil"},"content":{"rendered":"\n<p>Une  maison enti\u00e8re rien que pour vous. Au  milieu des champs, pr\u00e8s d&rsquo;une for\u00eat, vous trouverez la maison apr\u00e8s  avoir parcouru la longue all\u00e9e de ch\u00e2taigniers. Un b\u00e2timent entier vous est  r\u00e9serv\u00e9. Vous appr\u00e9cierez son grand jardin arbor\u00e9 ou vous vous  d\u00e9tendrez sur le hamac deux places l&rsquo;\u00e9t\u00e9 et vous profiterez d&rsquo;une soir\u00e9e  devant le feu de chemin\u00e9e l&rsquo;hiver. <\/p>\n\n\n\n<p><br><\/p>\n","protected":false},"excerpt":{"rendered":"<p>Une maison enti\u00e8re rien que pour vous. Au milieu des champs, pr\u00e8s d&rsquo;une for\u00eat, vous trouverez la maison apr\u00e8s avoir parcouru la longue all\u00e9e de ch\u00e2taigniers. Un b\u00e2timent entier vous est r\u00e9serv\u00e9. Vous appr\u00e9cierez son grand jardin arbor\u00e9 ou vous vous d\u00e9tendrez sur le hamac deux places l&rsquo;\u00e9t\u00e9 et vous profiterez d&rsquo;une soir\u00e9e devant le &hellip; <\/p>\n<p class=\"link-more\"><a href=\"https:\/\/harasdelaroche.fr\/\" class=\"more-link\">Continuer la lecture<span class=\"screen-reader-text\"> de &laquo;&nbsp;Accueil&nbsp;&raquo;<\/span><\/a><\/p>\n","protected":false},"author":1,"featured_media":0,"parent":0,"menu_order":0,"comment_status":"closed","ping_status":"closed","template":"","meta":{"footnotes":""},"class_list":["post-26","page","type-page","status-publish","hentry"],"_links":{"self":[{"href":"https:\/\/harasdelaroche.fr\/index.php\/wp-json\/wp\/v2\/pages\/26","targetHints":{"allow":["GET"]}}],"collection":[{"href":"https:\/\/harasdelaroche.fr\/index.php\/wp-json\/wp\/v2\/pages"}],"about":[{"href":"https:\/\/harasdelaroche.fr\/index.php\/wp-json\/wp\/v2\/types\/page"}],"author":[{"embeddable":true,"href":"https:\/\/harasdelaroche.fr\/index.php\/wp-json\/wp\/v2\/users\/1"}],"replies":[{"embeddable":true,"href":"https:\/\/harasdelaroche.fr\/index.php\/wp-json\/wp\/v2\/comments?post=26"}],"version-history":[{"count":3,"href":"https:\/\/harasdelaroche.fr\/index.php\/wp-json\/wp\/v2\/pages\/26\/revisions"}],"predecessor-version":[{"id":163,"href":"https:\/\/harasdelaroche.fr\/index.php\/wp-json\/wp\/v2\/pages\/26\/revisions\/163"}],"wp:attachment":[{"href":"https:\/\/harasdelaroche.fr\/index.php\/wp-json\/wp\/v2\/media?parent=26"}],"curies":[{"name":"wp","href":"https:\/\/api.w.org\/{rel}","templated":true}]}}