{"id":266,"date":"2025-08-12T15:16:02","date_gmt":"2025-08-12T13:16:02","guid":{"rendered":"https:\/\/harasdelaroche.fr\/?page_id=266"},"modified":"2025-08-12T15:29:51","modified_gmt":"2025-08-12T13:29:51","slug":"bienvenue-a-lelevage-de-bleu-du-maine","status":"publish","type":"page","link":"https:\/\/harasdelaroche.fr\/index.php\/bienvenue-a-lelevage-de-bleu-du-maine\/","title":{"rendered":"Bienvenue \u00e0 l\u2019\u00e9levage de Bleu du Maine"},"content":{"rendered":"\n<p>Depuis 2019, je d\u00e9veloppe avec passion un petit \u00e9levage de moutons <strong>Bleu du Maine<\/strong>, une race rustique et \u00e9l\u00e9gante originaire de l\u2019ouest de la France. Install\u00e9 en toute simplicit\u00e9, je m\u2019efforce de faire grandir mon troupeau en respectant les <strong>crit\u00e8res de la race<\/strong>, avec un souci constant du <strong>bien-\u00eatre animal<\/strong> et de la <strong>qualit\u00e9 g\u00e9n\u00e9tique<\/strong>.<\/p>\n\n\n\n<p>Ici, pas d\u2019\u00e9levage intensif : les animaux vivent paisiblement, \u00e9lev\u00e9s \u00e0 l\u2019herbe, dans un cadre naturel. Mon objectif est de proposer des animaux <strong>sains, \u00e9quilibr\u00e9s<\/strong>, et bien conformes, que ce soit pour la reproduction ou <\/p>\n\n\n\n<p>Je propose \u00e0 la vente <strong>des agneaux, agnelles, brebis et b\u00e9liers<\/strong>, selon les saisons et les disponibilit\u00e9s.<\/p>\n\n\n\n<p>N\u2019h\u00e9sitez pas \u00e0 me contacter pour conna\u00eetre les disponibilit\u00e9s ou en savoir plus sur la race <strong>Bleu du Maine<\/strong> !<\/p>\n","protected":false},"excerpt":{"rendered":"<p>Depuis 2019, je d\u00e9veloppe avec passion un petit \u00e9levage de moutons Bleu du Maine, une race rustique et \u00e9l\u00e9gante originaire de l\u2019ouest de la France. Install\u00e9 en toute simplicit\u00e9, je m\u2019efforce de faire grandir mon troupeau en respectant les crit\u00e8res de la race, avec un souci constant du bien-\u00eatre animal et de la qualit\u00e9 g\u00e9n\u00e9tique. &hellip; <\/p>\n<p class=\"link-more\"><a href=\"https:\/\/harasdelaroche.fr\/index.php\/bienvenue-a-lelevage-de-bleu-du-maine\/\" class=\"more-link\">Continuer la lecture<span class=\"screen-reader-text\"> de &laquo;&nbsp;Bienvenue \u00e0 l\u2019\u00e9levage de Bleu du Maine&nbsp;&raquo;<\/span><\/a><\/p>\n","protected":false},"author":1,"featured_media":267,"parent":0,"menu_order":0,"comment_status":"closed","ping_status":"closed","template":"","meta":{"footnotes":""},"class_list":["post-266","page","type-page","status-publish","has-post-thumbnail","hentry"],"_links":{"self":[{"href":"https:\/\/harasdelaroche.fr\/index.php\/wp-json\/wp\/v2\/pages\/266","targetHints":{"allow":["GET"]}}],"collection":[{"href":"https:\/\/harasdelaroche.fr\/index.php\/wp-json\/wp\/v2\/pages"}],"about":[{"href":"https:\/\/harasdelaroche.fr\/index.php\/wp-json\/wp\/v2\/types\/page"}],"author":[{"embeddable":true,"href":"https:\/\/harasdelaroche.fr\/index.php\/wp-json\/wp\/v2\/users\/1"}],"replies":[{"embeddable":true,"href":"https:\/\/harasdelaroche.fr\/index.php\/wp-json\/wp\/v2\/comments?post=266"}],"version-history":[{"count":2,"href":"https:\/\/harasdelaroche.fr\/index.php\/wp-json\/wp\/v2\/pages\/266\/revisions"}],"predecessor-version":[{"id":271,"href":"https:\/\/harasdelaroche.fr\/index.php\/wp-json\/wp\/v2\/pages\/266\/revisions\/271"}],"wp:featuredmedia":[{"embeddable":true,"href":"https:\/\/harasdelaroche.fr\/index.php\/wp-json\/wp\/v2\/media\/267"}],"wp:attachment":[{"href":"https:\/\/harasdelaroche.fr\/index.php\/wp-json\/wp\/v2\/media?parent=266"}],"curies":[{"name":"wp","href":"https:\/\/api.w.org\/{rel}","templated":true}]}}