{"id":56,"date":"2019-02-24T02:50:48","date_gmt":"2019-02-24T01:50:48","guid":{"rendered":"http:\/\/harasdelaroche.fr\/?page_id=56"},"modified":"2024-10-18T01:18:16","modified_gmt":"2024-10-17T23:18:16","slug":"reserver","status":"publish","type":"page","link":"https:\/\/harasdelaroche.fr\/index.php\/reserver\/","title":{"rendered":"R\u00e9servation"},"content":{"rendered":"\n<p><strong>Vous pouvez r\u00e9server votre s\u00e9jour sur :<\/strong> <br><\/p>\n\n\n\n<ul class=\"wp-block-list\">\n<li><a href=\"https:\/\/www.airbnb.com\/rooms\/14785863\"><b>Air BnB<\/b><\/a><\/li>\n\n\n\n<li>En direct par mail ou t\u00e9l\u00e9phone : <b><u>contact@harasdelaroche.fr<\/u><\/b>   06-03-49-45-35<\/li>\n<\/ul>\n\n\n\n<p><\/p>\n\n\n\n<p><\/p>\n\n\n\n<hr class=\"wp-block-separator has-alpha-channel-opacity\"\/>\n\n\n\n<h2 class=\"wp-block-heading\"><\/h2>\n\n\n\n<p><\/p>\n\n\n\n<p> <\/p>\n\n\n\n<p><strong>Conditions d&rsquo;annulation et m\u00e9nage: <\/strong><\/p>\n\n\n\n<ul class=\"wp-block-list\">\n<li>Annulation 8 jours ou plus avant la date pr\u00e9vue : remboursement int\u00e9gral. <\/li>\n\n\n\n<li>Annulation moins de 8 jours avant la date de s\u00e9jour pr\u00e9vue: remboursement des nuits si elles ont \u00e9t\u00e9 r\u00e9serv\u00e9es par ailleurs<\/li>\n\n\n\n<li>Draps et serviettes sont fournis, \u00e0 votre arriv\u00e9 vous trouverez les lits faits<\/li>\n\n\n\n<li>Le m\u00e9nage n&rsquo;est pas inclut dans le prix, merci de laissez le g\u00eete dans le m\u00eame \u00e9tat de pro\n<ul class=\"wp-block-list\">\n<li>Un forfait m\u00e9nage est possible. <\/li>\n<\/ul>\n<\/li>\n<\/ul>\n\n\n\n<p><\/p>\n\n\n\n<p><br><\/p>\n\n\n\n<p><\/p>\n","protected":false},"excerpt":{"rendered":"<p>Vous pouvez r\u00e9server votre s\u00e9jour sur : Conditions d&rsquo;annulation et m\u00e9nage:<\/p>\n","protected":false},"author":1,"featured_media":0,"parent":0,"menu_order":0,"comment_status":"closed","ping_status":"closed","template":"","meta":{"footnotes":""},"class_list":["post-56","page","type-page","status-publish","hentry"],"_links":{"self":[{"href":"https:\/\/harasdelaroche.fr\/index.php\/wp-json\/wp\/v2\/pages\/56","targetHints":{"allow":["GET"]}}],"collection":[{"href":"https:\/\/harasdelaroche.fr\/index.php\/wp-json\/wp\/v2\/pages"}],"about":[{"href":"https:\/\/harasdelaroche.fr\/index.php\/wp-json\/wp\/v2\/types\/page"}],"author":[{"embeddable":true,"href":"https:\/\/harasdelaroche.fr\/index.php\/wp-json\/wp\/v2\/users\/1"}],"replies":[{"embeddable":true,"href":"https:\/\/harasdelaroche.fr\/index.php\/wp-json\/wp\/v2\/comments?post=56"}],"version-history":[{"count":18,"href":"https:\/\/harasdelaroche.fr\/index.php\/wp-json\/wp\/v2\/pages\/56\/revisions"}],"predecessor-version":[{"id":253,"href":"https:\/\/harasdelaroche.fr\/index.php\/wp-json\/wp\/v2\/pages\/56\/revisions\/253"}],"wp:attachment":[{"href":"https:\/\/harasdelaroche.fr\/index.php\/wp-json\/wp\/v2\/media?parent=56"}],"curies":[{"name":"wp","href":"https:\/\/api.w.org\/{rel}","templated":true}]}}