{"id":71,"date":"2019-02-24T03:09:00","date_gmt":"2019-02-24T02:09:00","guid":{"rendered":"http:\/\/harasdelaroche.fr\/?page_id=71"},"modified":"2024-10-18T00:35:51","modified_gmt":"2024-10-17T22:35:51","slug":"description","status":"publish","type":"page","link":"https:\/\/harasdelaroche.fr\/index.php\/description\/","title":{"rendered":"Description"},"content":{"rendered":"\n<p>Une  maison enti\u00e8re rien que pour vous. Vous l\u2019appr\u00e9cierez pour son calme et  ses espaces ext\u00e9rieurs. Parfait pour les couples, les voyageurs en  solo, les familles (avec enfants) , les groupes ainsi que les travailleurs en d\u00e9placement dans la r\u00e9gion. <\/p>\n\n\n\n<p>Avec <u><b>3 Lits doubles<\/b><\/u> r\u00e9partis en 2 chambres plus une mezzanine bien s\u00e9par\u00e9e. Vous pouvez \u00eatre jusqu\u2019\u00e0 <u><b>6 personnes<\/b><\/u>.<\/p>\n\n\n\n<p>Au  milieu des champs, pr\u00e8s d\u2019une for\u00eat, vous trouverez la maison apr\u00e8s  avoir parcouru une longue all\u00e9e de ch\u00e2taigniers. Un b\u00e2timent entier vous est  r\u00e9serv\u00e9. Vous appr\u00e9cierez son grand jardin arbor\u00e9 o\u00f9 vous vous  d\u00e9tendrez sur le hamac deux places l\u2019\u00e9t\u00e9 et vous profiterez d\u2019une soir\u00e9e  devant le feu de chemin\u00e9e l\u2019hiver. <\/p>\n\n\n\n<p>La maison est appr\u00e9ci\u00e9e par:<br>\u2013 les voyageurs ayant une f\u00eate familiale dans la r\u00e9gion (mariage, cousinade, \u2026) <br>\u2013 les amateurs de sports m\u00e9canique, nous sommes \u00e0 25 minutes du circuit des 24h du mans. <br>\u2013 les sportifs (cavaliers, nous sommes \u00e0 15 minutes du boulerie jump)<br>\u2013 tout simplement les personnes qui souhaitent d\u00e9couvrir la Sarthe !<\/p>\n\n\n\n<p>N\u2019h\u00e9sitez pas \u00e0 me contacter si vous avez des questions ou besoin de renseignement.<\/p>\n\n\n\n<p>Vous  avez acc\u00e8s \u00e0 l\u2019int\u00e9gralit\u00e9 de la maison, dehors vous pourrez profiter  du jardin: les tout petits s\u2019amuseront dans le bac \u00e0 sable de 16m2, les  plus grands sur la balan\u00e7oire et le trampoline. De nombreux chemins de  randonn\u00e9e existent dans les environs. Vous pourrez vous d\u00e9tendre et d\u00e9jeuner sous la pergola le temps d\u2019un barbecue.  Dans la maison vous aurez  notamment acc\u00e8s \u00e0 sa buanderie avec sa  machine \u00e0 laver<\/p>\n\n\n\n<p>Pour toutes questions je tente de r\u00e9pondre tr\u00e8s rapidement par sms et mail.<\/p>\n\n\n\n<p>Par d\u00e9faut je vous laisse le plus possible tranquille, mais c\u2019est  avec beaucoup de plaisir que je viendrais discuter !<\/p>\n\n\n\n<p><\/p>\n\n\n\n<p>Attention, les restaurants \u00e0 proximit\u00e9 mais ne servent pas tout les soirs<\/p>\n\n\n\n<p>Attention, le g\u00eete est Non recommand\u00e9 aux PMR (Personnes \u00e0 mobilit\u00e9 r\u00e9duite)<\/p>\n\n\n\n<p><\/p>\n\n\n\n<p>Pour ceux qui le souhaitent je peux pr\u00eater appareil \u00e0 raclette, fondue ou multi-cr\u00eapes.<\/p>\n\n\n\n<p>Je fournis draps et serviettes. A votre arriv\u00e9 vous trouverez les lits faits et les serviettes dans le meuble de salle de bain.<\/p>\n\n\n\n<p><br><\/p>\n","protected":false},"excerpt":{"rendered":"<p>Une maison enti\u00e8re rien que pour vous. Vous l\u2019appr\u00e9cierez pour son calme et ses espaces ext\u00e9rieurs. Parfait pour les couples, les voyageurs en solo, les familles (avec enfants) , les groupes ainsi que les travailleurs en d\u00e9placement dans la r\u00e9gion. Avec 3 Lits doubles r\u00e9partis en 2 chambres plus une mezzanine bien s\u00e9par\u00e9e. Vous pouvez &hellip; <\/p>\n<p class=\"link-more\"><a href=\"https:\/\/harasdelaroche.fr\/index.php\/description\/\" class=\"more-link\">Continuer la lecture<span class=\"screen-reader-text\"> de &laquo;&nbsp;Description&nbsp;&raquo;<\/span><\/a><\/p>\n","protected":false},"author":1,"featured_media":0,"parent":0,"menu_order":0,"comment_status":"closed","ping_status":"closed","template":"","meta":{"footnotes":""},"class_list":["post-71","page","type-page","status-publish","hentry"],"_links":{"self":[{"href":"https:\/\/harasdelaroche.fr\/index.php\/wp-json\/wp\/v2\/pages\/71","targetHints":{"allow":["GET"]}}],"collection":[{"href":"https:\/\/harasdelaroche.fr\/index.php\/wp-json\/wp\/v2\/pages"}],"about":[{"href":"https:\/\/harasdelaroche.fr\/index.php\/wp-json\/wp\/v2\/types\/page"}],"author":[{"embeddable":true,"href":"https:\/\/harasdelaroche.fr\/index.php\/wp-json\/wp\/v2\/users\/1"}],"replies":[{"embeddable":true,"href":"https:\/\/harasdelaroche.fr\/index.php\/wp-json\/wp\/v2\/comments?post=71"}],"version-history":[{"count":11,"href":"https:\/\/harasdelaroche.fr\/index.php\/wp-json\/wp\/v2\/pages\/71\/revisions"}],"predecessor-version":[{"id":227,"href":"https:\/\/harasdelaroche.fr\/index.php\/wp-json\/wp\/v2\/pages\/71\/revisions\/227"}],"wp:attachment":[{"href":"https:\/\/harasdelaroche.fr\/index.php\/wp-json\/wp\/v2\/media?parent=71"}],"curies":[{"name":"wp","href":"https:\/\/api.w.org\/{rel}","templated":true}]}}